{"id":99,"date":"2022-05-08T16:42:29","date_gmt":"2022-05-08T16:42:29","guid":{"rendered":"https:\/\/www.maribelbover.com\/?page_id=99"},"modified":"2025-02-14T09:55:52","modified_gmt":"2025-02-14T09:55:52","slug":"novetats","status":"publish","type":"page","link":"https:\/\/maribelbover.com\/","title":{"rendered":""},"content":{"rendered":"<h1 style=\"text-align: left;\"><span style=\"color: #993366;\"><strong>Benvinguts! <\/strong><strong>Bienvenidos! Welcome!<br \/>\n<\/strong><\/span><\/h1>\n<p><span style=\"color: #993366;\"><strong>Escola autoritzada pel Departament d&#8217;Educaci\u00f3 de la Generalitat de Catalunya<\/strong><\/span><\/p>\n<p>&nbsp;<\/p>\n<p><img loading=\"lazy\" decoding=\"async\" class=\"alignnone size-full wp-image-149\" src=\"https:\/\/www.maribelbover.com\/wp-content\/uploads\/2022\/05\/dana-escola.jpg\" alt=\"\" width=\"2048\" height=\"959\" srcset=\"https:\/\/maribelbover.com\/wp-content\/uploads\/2022\/05\/dana-escola.jpg 2048w, https:\/\/maribelbover.com\/wp-content\/uploads\/2022\/05\/dana-escola-300x140.jpg 300w, https:\/\/maribelbover.com\/wp-content\/uploads\/2022\/05\/dana-escola-1024x480.jpg 1024w, https:\/\/maribelbover.com\/wp-content\/uploads\/2022\/05\/dana-escola-768x360.jpg 768w, https:\/\/maribelbover.com\/wp-content\/uploads\/2022\/05\/dana-escola-1536x719.jpg 1536w\" sizes=\"auto, (max-width: 2048px) 100vw, 2048px\" \/><\/p>\n<p>&nbsp;<\/p>\n<p style=\"text-align: justify;\"><span style=\"color: #999999;\"><strong>El nostre centre educatiu privat \u00e9s pels nostres alumnes una segona fam\u00edlia a on la comunicaci\u00f3 \u00e9s a trav\u00e9s de l&#8217;art. D&#8217;aquesta conviv\u00e8ncia en sorgeixen grans amistats, viv\u00e8ncies \u00faniques i com no, l&#8217;experi\u00e8ncia de ballar en el Teatre Municipal de Girona.<\/strong><\/span><\/p>\n<p style=\"text-align: justify;\"><span style=\"color: #999999;\"><strong>Aplicant la pedagogia de la dansa i gr\u00e0cies a l&#8217;exercici f\u00edsic i art\u00edstic, aconseguim que a les nostres aules es respiri esfor\u00e7, superaci\u00f3 i que sobretot es gaudeixi ballant!. Per nosaltres \u00e9s molt important la millora i l&#8217;entusiasme de tot el nostre alumnat.<\/strong><\/span><\/p>\n<p style=\"text-align: justify;\"><span style=\"color: #999999;\"><strong>\u00c9s una gran satisfacci\u00f3 veure com els alumnes de diferents edats adquireixen un molt bon nivell i que tots junts h\u00e0gim pogut convertir uns simples festivals de fi de curs en tot un espectacle de dansa.\u00a0<\/strong><\/span><\/p>\n<p style=\"text-align: justify;\"><span style=\"color: #999999;\"><strong>Aquesta ha estat sempre la nostra intenci\u00f3 i lluita di\u00e0ria,<br \/>\n<\/strong><\/span><\/p>\n<p style=\"text-align: justify;\"><span style=\"color: #666699;\"><strong><span style=\"color: #999999;\">Maribel.<\/span><em><br \/>\n<\/em><\/strong><\/span><\/p>\n<p><span style=\"color: #ffffff;\">lll<\/span><\/p>\n<hr \/>\n<p><iframe loading=\"lazy\" title=\"Benvinguts! Bienvenidos! Welcome!\" width=\"690\" height=\"388\" src=\"https:\/\/www.youtube.com\/embed\/muLTZccGWCg?feature=oembed\" frameborder=\"0\" allow=\"accelerometer; autoplay; clipboard-write; encrypted-media; gyroscope; picture-in-picture; web-share\" referrerpolicy=\"strict-origin-when-cross-origin\" allowfullscreen><\/iframe><\/p>\n","protected":false},"excerpt":{"rendered":"<p>Benvinguts! Bienvenidos! Welcome! Escola autoritzada pel Departament d&#8217;Educaci\u00f3 de la Generalitat de Catalunya &nbsp; &nbsp; El nostre centre educatiu privat \u00e9s pels nostres alumnes una segona fam\u00edlia a on la <a class=\"more-link\" href=\"https:\/\/maribelbover.com\/\">Continue Reading &rarr;<\/a><\/p>\n","protected":false},"author":1,"featured_media":0,"parent":0,"menu_order":0,"comment_status":"closed","ping_status":"closed","template":"","meta":{"footnotes":""},"class_list":["post-99","page","type-page","status-publish","hentry"],"_links":{"self":[{"href":"https:\/\/maribelbover.com\/index.php?rest_route=\/wp\/v2\/pages\/99","targetHints":{"allow":["GET"]}}],"collection":[{"href":"https:\/\/maribelbover.com\/index.php?rest_route=\/wp\/v2\/pages"}],"about":[{"href":"https:\/\/maribelbover.com\/index.php?rest_route=\/wp\/v2\/types\/page"}],"author":[{"embeddable":true,"href":"https:\/\/maribelbover.com\/index.php?rest_route=\/wp\/v2\/users\/1"}],"replies":[{"embeddable":true,"href":"https:\/\/maribelbover.com\/index.php?rest_route=%2Fwp%2Fv2%2Fcomments&post=99"}],"version-history":[{"count":92,"href":"https:\/\/maribelbover.com\/index.php?rest_route=\/wp\/v2\/pages\/99\/revisions"}],"predecessor-version":[{"id":761,"href":"https:\/\/maribelbover.com\/index.php?rest_route=\/wp\/v2\/pages\/99\/revisions\/761"}],"wp:attachment":[{"href":"https:\/\/maribelbover.com\/index.php?rest_route=%2Fwp%2Fv2%2Fmedia&parent=99"}],"curies":[{"name":"wp","href":"https:\/\/api.w.org\/{rel}","templated":true}]}}