{"id":195,"date":"2022-05-08T19:08:19","date_gmt":"2022-05-08T19:08:19","guid":{"rendered":"https:\/\/www.maribelbover.com\/?page_id=195"},"modified":"2025-06-12T08:17:56","modified_gmt":"2025-06-12T08:17:56","slug":"hola","status":"publish","type":"page","link":"https:\/\/maribelbover.com\/?page_id=195","title":{"rendered":"INSCRIPCIONS"},"content":{"rendered":"<p><span style=\"color: #ffffff;\">llll<\/span><\/p>\n<p><span style=\"color: #333333;\"><strong><span style=\"color: #000000;\">INSCRIPCIONS I MATR\u00cdCULES<\/span><br \/>\n<\/strong><\/span><\/p>\n<p><span style=\"color: #993366;\"><strong><span style=\"color: #808080;\">Curs 2025 \/ 2026 &#8211; Matr\u00edcula Oberta<\/span><br \/>\n<\/strong><\/span><\/p>\n<p><span style=\"color: #ffffff;\">IIIII<\/span><\/p>\n<p><strong><span style=\"color: #000000;\"><span style=\"color: #333333;\">Enviar un email a: <\/span>\u00a0\u00a0<span style=\"color: #333399;\">dansamaribelbover@gmail.com<\/span><\/span><\/strong><\/p>\n<p>&nbsp;<\/p>\n<p><span style=\"color: #808080;\">Enviar el correu electr\u00f2nic amb les seg\u00fcents dades:<\/span><\/p>\n<p><span style=\"color: #333333;\"><strong>Assumpte: Inscripci\u00f3<\/strong><\/span><\/p>\n<p><span style=\"color: #333333;\">1. Nom i edat de l&#8217;alumne\/a<\/span><\/p>\n<p><span style=\"color: #333333;\">2. Cursos i horaris<\/span><\/p>\n<p><span style=\"color: #333333;\">3. Tel\u00e8fon de contacte<\/span><\/p>\n<p><span style=\"color: #333333;\">4. Inscripci\u00f3 online o presencial<\/span><\/p>\n<p>&nbsp;<\/p>\n<p><img loading=\"lazy\" decoding=\"async\" class=\"aligncenter wp-image-229 size-full\" src=\"https:\/\/maribelbover.com\/wp-content\/uploads\/2022\/05\/gags_3.jpg\" alt=\"\" width=\"321\" height=\"420\" srcset=\"https:\/\/maribelbover.com\/wp-content\/uploads\/2022\/05\/gags_3.jpg 321w, https:\/\/maribelbover.com\/wp-content\/uploads\/2022\/05\/gags_3-229x300.jpg 229w\" sizes=\"auto, (max-width: 321px) 100vw, 321px\" \/><\/p>\n<p>&nbsp;<\/p>\n<ul>\n<li style=\"text-align: center;\"><span style=\"color: #333333;\"><strong>Per a mantenir un bon aprenentatge de l&#8217;estudiant l&#8217;escola t\u00e9 un nombre m\u00e0xim d&#8217;alumnes per a cada grup i \u00e9s per aix\u00f2 que fins que no ens posem en contacte amb vosaltres, no us podem assegurar la pla\u00e7a.<\/strong><\/span><\/li>\n<\/ul>\n<p>&nbsp;<\/p>\n<p><img loading=\"lazy\" decoding=\"async\" class=\"aligncenter wp-image-230 size-full\" src=\"https:\/\/maribelbover.com\/wp-content\/uploads\/2022\/05\/Entrada-Escola-4.jpg\" alt=\"\" width=\"960\" height=\"720\" srcset=\"https:\/\/maribelbover.com\/wp-content\/uploads\/2022\/05\/Entrada-Escola-4.jpg 960w, https:\/\/maribelbover.com\/wp-content\/uploads\/2022\/05\/Entrada-Escola-4-300x225.jpg 300w, https:\/\/maribelbover.com\/wp-content\/uploads\/2022\/05\/Entrada-Escola-4-768x576.jpg 768w\" sizes=\"auto, (max-width: 960px) 100vw, 960px\" \/><\/p>\n<p><span style=\"color: #ffffff;\">llllllll<\/span><\/p>\n<p style=\"text-align: center;\"><img loading=\"lazy\" decoding=\"async\" class=\"aligncenter wp-image-371 size-full\" src=\"https:\/\/maribelbover.com\/wp-content\/uploads\/2022\/05\/16797347_1340141856042226_7296824022846614130_o_1340141856042226-1024x765-1.jpg\" alt=\"\" width=\"1024\" height=\"765\" srcset=\"https:\/\/maribelbover.com\/wp-content\/uploads\/2022\/05\/16797347_1340141856042226_7296824022846614130_o_1340141856042226-1024x765-1.jpg 1024w, https:\/\/maribelbover.com\/wp-content\/uploads\/2022\/05\/16797347_1340141856042226_7296824022846614130_o_1340141856042226-1024x765-1-300x224.jpg 300w, https:\/\/maribelbover.com\/wp-content\/uploads\/2022\/05\/16797347_1340141856042226_7296824022846614130_o_1340141856042226-1024x765-1-768x574.jpg 768w\" sizes=\"auto, (max-width: 1024px) 100vw, 1024px\" \/><\/p>\n","protected":false},"excerpt":{"rendered":"<p>llll INSCRIPCIONS I MATR\u00cdCULES Curs 2025 \/ 2026 &#8211; Matr\u00edcula Oberta IIIII Enviar un email a: \u00a0\u00a0dansamaribelbover@gmail.com &nbsp; Enviar el correu electr\u00f2nic amb les seg\u00fcents dades: Assumpte: Inscripci\u00f3 1. Nom <a class=\"more-link\" href=\"https:\/\/maribelbover.com\/?page_id=195\">Continue Reading &rarr;<\/a><\/p>\n","protected":false},"author":1,"featured_media":0,"parent":0,"menu_order":0,"comment_status":"closed","ping_status":"closed","template":"","meta":{"footnotes":""},"class_list":["post-195","page","type-page","status-publish","hentry"],"_links":{"self":[{"href":"https:\/\/maribelbover.com\/index.php?rest_route=\/wp\/v2\/pages\/195","targetHints":{"allow":["GET"]}}],"collection":[{"href":"https:\/\/maribelbover.com\/index.php?rest_route=\/wp\/v2\/pages"}],"about":[{"href":"https:\/\/maribelbover.com\/index.php?rest_route=\/wp\/v2\/types\/page"}],"author":[{"embeddable":true,"href":"https:\/\/maribelbover.com\/index.php?rest_route=\/wp\/v2\/users\/1"}],"replies":[{"embeddable":true,"href":"https:\/\/maribelbover.com\/index.php?rest_route=%2Fwp%2Fv2%2Fcomments&post=195"}],"version-history":[{"count":45,"href":"https:\/\/maribelbover.com\/index.php?rest_route=\/wp\/v2\/pages\/195\/revisions"}],"predecessor-version":[{"id":762,"href":"https:\/\/maribelbover.com\/index.php?rest_route=\/wp\/v2\/pages\/195\/revisions\/762"}],"wp:attachment":[{"href":"https:\/\/maribelbover.com\/index.php?rest_route=%2Fwp%2Fv2%2Fmedia&parent=195"}],"curies":[{"name":"wp","href":"https:\/\/api.w.org\/{rel}","templated":true}]}}