{"id":101,"date":"2022-05-08T16:42:41","date_gmt":"2022-05-08T16:42:41","guid":{"rendered":"https:\/\/www.maribelbover.com\/?page_id=101"},"modified":"2023-06-28T06:33:21","modified_gmt":"2023-06-28T06:33:21","slug":"professors","status":"publish","type":"page","link":"https:\/\/maribelbover.com\/?page_id=101","title":{"rendered":"NORMATIVA"},"content":{"rendered":"<p style=\"text-align: left;\"><span style=\"text-decoration: underline; color: #ffffff;\"><strong>lll<\/strong><\/span><\/p>\n<h3 style=\"text-align: center;\"><span style=\"text-decoration: underline; color: #000000;\"><strong>NORMES DE L&#8217;ESCOLA<\/strong><\/span><\/h3>\n<p>&nbsp;<\/p>\n<ul>\n<li><span style=\"color: #333333;\"><strong>L&#8217;import de la matr\u00edcula i de la mensualitat no es retornar\u00e0 per cap motiu, a no ser que s&#8217;anul\u00b7li la classe de forma definitiva.<\/strong><\/span><\/li>\n<li><span style=\"color: #333333;\"><strong>Si un alumne\/a es don\u00e9s de baixa haur\u00e0 de comunicar-ho amb 15 dies d&#8217;antelaci\u00f3 a Secretaria, altrament haur\u00e0 de fer efectiu el rebut del mes corresponent.<\/strong><\/span><\/li>\n<li><span style=\"color: #808080;\">Aquesta escola segueix els mateixos dies festius i de lliure disposici\u00f3 que els col\u00b7legis.<\/span><\/li>\n<li><span style=\"color: #808080;\">La participaci\u00f3 en el Festival de Fi de Curs \u00e9s opcional per a tot l&#8217;alumnat.<\/span><\/li>\n<li><span style=\"color: #808080;\">Per canvis de classes, d&#8217;horaris o baixes comunicar-ho al professorat i a secretaria de l&#8217;escola.<\/span><\/li>\n<li><span style=\"color: #808080;\">No es poden recuperar classes els dissabtes.<\/span><\/li>\n<li><span style=\"color: #808080;\">L&#8217;escola es reserva el dret d&#8217;anul\u00b7lar la classe en cas que no hi hagu\u00e9s un m\u00ednim d&#8217;alumnes.<\/span><\/li>\n<li><span style=\"color: #808080;\">L&#8217;escola no es responsabilitza dels objectes perduts.<\/span><\/li>\n<li><span style=\"color: #808080;\">Tots els alumnes han d&#8217;anar amb el cabell recollit (jazz) i amb monyo (ballet).<\/span><\/li>\n<li><span style=\"color: #808080;\">\u00c9s obligatori portar l&#8217;uniforme de l&#8217;escola a les classes de dansa cl\u00e0ssica.<\/span><\/li>\n<li><span style=\"color: #808080;\"><span style=\"text-decoration: underline;\">Recuperaci\u00f3 opcional:<\/span> preguntar-ho al professor\/a i si \u00e9s possible i l&#8217;alumne\/a ho desitja pot recuperar la seva classe durant el mateix mes. Les recuperacions no s\u00f3n acumulables i NO es poden recuperar els dies festius o els de lliure disposici\u00f3 proposats pel CEM (Ajuntament de Girona).<\/span><\/li>\n<\/ul>\n<p>&nbsp;<\/p>\n<p><img loading=\"lazy\" decoding=\"async\" class=\"aligncenter size-full wp-image-308\" src=\"https:\/\/www.maribelbover.com\/wp-content\/uploads\/2022\/05\/foto6-1024x404-1.jpg\" alt=\"\" width=\"1024\" height=\"404\" srcset=\"https:\/\/maribelbover.com\/wp-content\/uploads\/2022\/05\/foto6-1024x404-1.jpg 1024w, https:\/\/maribelbover.com\/wp-content\/uploads\/2022\/05\/foto6-1024x404-1-300x118.jpg 300w, https:\/\/maribelbover.com\/wp-content\/uploads\/2022\/05\/foto6-1024x404-1-768x303.jpg 768w\" sizes=\"auto, (max-width: 1024px) 100vw, 1024px\" \/><\/p>\n","protected":false},"excerpt":{"rendered":"<p>lll NORMES DE L&#8217;ESCOLA &nbsp; L&#8217;import de la matr\u00edcula i de la mensualitat no es retornar\u00e0 per cap motiu, a no ser que s&#8217;anul\u00b7li la classe de forma definitiva. Si <a class=\"more-link\" href=\"https:\/\/maribelbover.com\/?page_id=101\">Continue Reading &rarr;<\/a><\/p>\n","protected":false},"author":1,"featured_media":0,"parent":0,"menu_order":1,"comment_status":"closed","ping_status":"closed","template":"","meta":{"footnotes":""},"class_list":["post-101","page","type-page","status-publish","hentry"],"_links":{"self":[{"href":"https:\/\/maribelbover.com\/index.php?rest_route=\/wp\/v2\/pages\/101","targetHints":{"allow":["GET"]}}],"collection":[{"href":"https:\/\/maribelbover.com\/index.php?rest_route=\/wp\/v2\/pages"}],"about":[{"href":"https:\/\/maribelbover.com\/index.php?rest_route=\/wp\/v2\/types\/page"}],"author":[{"embeddable":true,"href":"https:\/\/maribelbover.com\/index.php?rest_route=\/wp\/v2\/users\/1"}],"replies":[{"embeddable":true,"href":"https:\/\/maribelbover.com\/index.php?rest_route=%2Fwp%2Fv2%2Fcomments&post=101"}],"version-history":[{"count":17,"href":"https:\/\/maribelbover.com\/index.php?rest_route=\/wp\/v2\/pages\/101\/revisions"}],"predecessor-version":[{"id":621,"href":"https:\/\/maribelbover.com\/index.php?rest_route=\/wp\/v2\/pages\/101\/revisions\/621"}],"wp:attachment":[{"href":"https:\/\/maribelbover.com\/index.php?rest_route=%2Fwp%2Fv2%2Fmedia&parent=101"}],"curies":[{"name":"wp","href":"https:\/\/api.w.org\/{rel}","templated":true}]}}